{"id":13,"date":"2017-09-06T09:13:43","date_gmt":"2017-09-06T07:13:43","guid":{"rendered":"http:\/\/marekwielkil.nazwa.pl\/?page_id=13"},"modified":"2017-09-06T09:13:43","modified_gmt":"2017-09-06T07:13:43","slug":"strona-glowna","status":"publish","type":"page","link":"http:\/\/cobramw.pl\/?page_id=13","title":{"rendered":"Strona G\u0142\u00f3wna"},"content":{"rendered":"<p><!DOCTYPE html><br \/>\n<html lang=\"en\"><br \/>\n    <head><br \/>\n        <meta http-equiv=\"Content-Type\" content=\"text\/html; charset=UTF-8\"\/><br \/>\n        <meta name=\"viewport\" content=\"width=device-width, initial-scale=1, maximum-scale=1.0, user-scalable=no\"\/><br \/>\n        <title>Cobra \u0141\u00f3d\u017a<\/title><br \/>\n        <!-- CSS  -->\n        <link href=\"https:\/\/fonts.googleapis.com\/icon?family=Material+Icons\" rel=\"stylesheet\">\n        <link href=\"css\/materialize.css\" type=\"text\/css\" rel=\"stylesheet\" media=\"screen,projection\"\/>\n        <link href=\"css\/style.css\" type=\"text\/css\" rel=\"stylesheet\" media=\"screen,projection\"\/>\n<style>\n            #map_canvas {\n                width: 600px;\n                height: 400px;\n                background-color: #CCC;\n            }\n        <\/style>\n<p>        <script src=\"https:\/\/maps.googleapis.com\/maps\/api\/js\"><\/script><br \/>\n        <script>\n            function initialize() {\n                var myLatlng = new google.maps.LatLng(51.812973, 19.417666);\n                var mapCanvas = document.getElementById('map_canvas');\n                var mapOptions = {\n                    center: myLatlng,\n                    zoom: 15,\n                    mapTypeId: google.maps.MapTypeId.ROADMAP\n                }\n                var map = new google.maps.Map(mapCanvas, mapOptions);\n                var marker = new google.maps.Marker({\n                    position: myLatlng,\n                    map: map,\n                    title: 'Cobra'\n                });\n            }\n            google.maps.event.addDomListener(window, 'load', initialize);\n        <\/script><br \/>\n    <\/head><br \/>\n    <body><\/p>\n<div class=\"navbar-fixed\">\n<nav>\n<div class=\"nav-wrapper container\">\n                    <a id=\"logo-container\" href=\"#\" class=\"brand-logo waves-effect waves-light\" data-scroll data-options='{ \"easing\": \"easeOutCubic\" }' style=\"height: 64px;\"><img decoding=\"async\" src=\"img\/logo01.png\" alt=\"P.P.H.U. Cobra\" style=\"margin-top:4px;\"><\/a><\/p>\n<ul class=\"right hide-on-med-and-down\">\n<li><a data-scroll data-options='{ \"easing\": \"easeOutCubic\" }' href=\"#kontakt\">Kontakt<\/a><\/li>\n<\/ul>\n<ul class=\"right hide-on-med-and-down waves-effect waves-light\">\n<li><a data-scroll data-options='{ \"easing\": \"easeOutCubic\" }' href=\"#oferta\">Oferta<\/a><\/li>\n<\/ul>\n<ul class=\"right hide-on-med-and-down waves-effect waves-light\">\n<li><a data-scroll data-options='{ \"easing\": \"easeOutCubic\" }' href=\"#about\">O Nas<\/a><\/li>\n<\/ul>\n<ul id=\"nav-mobile\" class=\"side-nav\">\n<li><a data-scroll data-options='{ \"easing\": \"easeOutCubic\" }' href=\"#kontakt\">Kontakt<\/a><\/li>\n<li><a data-scroll data-options='{ \"easing\": \"easeOutCubic\" }' href=\"#oferta\">Oferta<\/a><\/li>\n<li><a data-scroll data-options='{ \"easing\": \"easeOutCubic\" }' href=\"#about\">O Nas<\/a><\/li>\n<\/ul>\n<p>                    <a href=\"#\" data-activates=\"nav-mobile\" class=\"button-collapse\"><i class=\"material-icons cyan darken-4\">menu<\/i><\/a>\n                <\/div>\n<\/nav><\/div>\n<div id=\"index-banner\" class=\"parallax-container\">\n<div class=\"section no-pad-bot\">\n<div class=\"container\">\n<h1 class=\"header center teal-text text-lighten-2\"> <\/h1>\n<div class=\"row center\">\n<h5 class=\"header col s12 light\" style=\"padding-top: 2em\">P.P.H.U. Cobra &#8211; profesjonalne us\u0142ugi elektryczne<\/h5>\n<\/p><\/div>\n<div class=\"row center\">\n                        <a data-scroll data-options='{ \"easing\": \"easeOutCubic\" }' href=\"#oferta\" id=\"download-button\" class=\"btn-large waves-effect waves-light teal lighten-1\">Nasza Oferta<\/a>\n                    <\/div>\n<\/p><\/div>\n<\/p><\/div>\n<div class=\"parallax\"><img decoding=\"async\" src=\"img\/background08.jpg\" alt=\"Unsplashed background img 1\"><\/div>\n<\/p><\/div>\n<div class=\"container\">\n            <a id=\"about\"><\/a> <\/p>\n<div class=\"section\">\n<div class=\"row\">\n<div class=\"col s12 center\">\n<h3><i class=\"medium material-icons brown-text\">person_outline<\/i><\/h3>\n<h4>O Nas<\/h4>\n<\/p><\/div>\n<\/p><\/div>\n<div class=\"row\">\n<div class=\"col s12 m12\">\n<p class=\"flow-text cb-justified-text\">Cobra to firma z wieloletnim do\u015bwiadczeniem. Funkcjonujemy ju\u017c od 1995 roku.Wykonujemy us\u0142ugi w najwy\u017cszym standardzie z zakresu elektroenergetyki, jak r\u00f3wnie\u017c prowadzimy produkcj\u0119 i sprzedarz grza\u0142ek grzewczych oraz kot\u0142\u00f3w C.O.<\/p>\n<p class=\"flow-text cb-justified-text\">Specjalizujemy si\u0119 w wykonywaniu instalacji elektrotechnicznych w budynkach mieszkalnych, biurowych oraz przemys\u0142owych.<\/p>\n<p class=\"flow-text cb-justified-text\">Priorytetem naszej firmy jest wysoka jako\u015b\u0107 oraz rzetelno\u015b\u0107 wykonywanych us\u0142ug. W zwi\u0105zku z powy\u017cszym podczas realizacji projekt\u00f3w uczestniczy wysoko wykwalifikowana kadra pracownik\u00f3w, wyposa\u017cona w wysokiej jako\u015b\u0107 sprz\u0119t diagnostyczny.<\/p>\n<p class=\"flow-text\">Po szczeg\u00f3\u0142y naszej dzia\u0142alno\u015bci zapraszamy do sekcji oferta.<\/p>\n<p><a data-scroll data-options='{ \"easing\": \"easeOutCubic\" }' href=\"#oferta\" class = \"btn btn-default\">Oferta<\/a>\n                    <\/div>\n<\/p><\/div>\n<p> <!-- .\/row -->\n            <\/div>\n<p>            <a id=\"oferta\"><\/a> <\/p>\n<div class=\"section\">\n<div class=\"row\">\n<div class=\"col s12 center\">\n<h3><i class=\"medium material-icons brown-text\">style<\/i><\/h3>\n<h4>Oferta<\/h4>\n<\/p><\/div>\n<\/p><\/div>\n<\/p><\/div>\n<p>            <!--   Circle Iconized Offer --><\/p>\n<div class=\"row\">\n<div class=\"col s12 m8 light\">\n<h5>Us\u0142ugi Elektryczne<\/h5>\n<ul class=\"offer\">\n<li>projektowanie, wykonywanie oraz przeprowadzanie pomiar\u00f3w instalacji elektrycznych<\/li>\n<li>bie\u017c\u0105cego utrzymania w pe\u0142nej sprawno\u015bci urz\u0105dze\u0144 i instalacji elektrycznych w obiektach przemys\u0142owych i handlowych<\/li>\n<li>wykonywania przegl\u0105d\u00f3w okresowych, modernizacji, remont\u00f3w oraz monta\u017cu nowych urz\u0105dze\u0144 i instalacji<\/li>\n<\/ul><\/div>\n<div class=\"col s12 m4\">\n<div class=\"circle icon-block\">\n                        <img decoding=\"async\" src=\"img\/pomiary01.jpg\" alt=\"\" class=\"circle\">\n                    <\/div>\n<\/p><\/div>\n<\/p><\/div>\n<div class=\"row\">\n<div class=\"col s12 m8 light\">\n<h5>Pomiary Termowizyjne<\/h5>\n<ul class=\"offer\">\n<li>Przeciwpo\u017carowa kontrola instalacji elektryczne<\/li>\n<li>Kontrola efektywno\u015bci energetycznej<\/li>\n<li>Pomiary termowizyjne urz\u0105dze\u0144 i proces\u00f3w przemys\u0142owych<\/li>\n<\/ul><\/div>\n<div class=\"col s12 m4\">\n<div class=\"circle icon-block\">\n                        <img decoding=\"async\" src=\"img\/thermal02.jpg\" alt=\"\" class=\"circle\">\n                    <\/div>\n<\/p><\/div>\n<\/p><\/div>\n<div class=\"row\">\n<div class=\"col s12 m8 light\">\n<h5>Elektryczne Kot\u0142y C.O.<\/h5>\n<ul class=\"offer\">\n<li>energooszcz\u0119dne<\/li>\n<li>bezpieczne i komfortowe w u\u017cytkowaniu<\/li>\n<li>czyste ekologicznie<\/li>\n<\/ul>\n<h6>Moce kot\u0142\u00f3w C.O. od 6 kW do 24 kW.<br \/>System doboru mocy grzewczej na poziomie 30%, 60%, 100%<\/br><\/h6>\n<\/p><\/div>\n<div class=\"col s12 m4\">\n<div class=\"circle icon-block\">\n                        <img decoding=\"async\" src=\"img\/ch1.jpg\" alt=\"\" class=\"circle\">\n                    <\/div>\n<\/p><\/div>\n<\/p><\/div>\n<div class=\"row\">\n<div class=\"col s12 m8 light\">\n<h5>Grza\u0142ki i spirale r\u00f3\u017cnych zastosowa\u0144<\/h5>\n<h6>w szczeg\u00f3lno\u015bci do:<\/h6>\n<ul class=\"offer\">\n<li>wytwornic pary<\/li>\n<li>urz\u0105dze\u0144 pralniczych<\/li>\n<li>urz\u0105dze\u0144 gastronomicznych<\/li>\n<li>nagrzewnic powietrza<\/li>\n<li>wtryskarek<\/li>\n<li>bojler\u00f3w i parnik\u00f3w<\/li>\n<li>w\u0119dzarni<\/li>\n<li>ubojni, masarni<\/li>\n<li>piec\u00f3w hartowniczych i odlewniczych<\/li>\n<li>piec\u00f3w wtryskarek<\/li>\n<li>inne, nietypowe elementy grzejne<\/li>\n<\/ul><\/div>\n<div class=\"col s12 m4\">\n<div class=\"circle icon-block\">\n                        <img decoding=\"async\" src=\"img\/grzalka01.jpg\" alt=\"\" class=\"circle\">\n                    <\/div>\n<\/p><\/div>\n<\/p><\/div>\n<\/p><\/div>\n<div class=\"parallax-container valign-wrapper\">\n<div class=\"section no-pad-bot\">\n<div class=\"container\">\n<div class=\"row center\">\n<h5 class=\"header col s12 light\">Profesjonalne us\u0142ugi w konkurencyjnej cenie.<\/h5>\n<\/p><\/div>\n<\/p><\/div>\n<\/p><\/div>\n<div class=\"parallax\"><img decoding=\"async\" src=\"img\/background06.jpg\" alt=\"Unsplashed background img 2\"><\/div>\n<\/p><\/div>\n<div class=\"container\">\n            <a id=\"kontakt\"><\/a> <\/p>\n<div class=\"section\">\n<div class=\"row\">\n<div class=\"col s12 center\">\n<h3><i class=\"mdi-content-send brown-text\"><\/i><\/h3>\n<h4>Kontakt<\/h4>\n<\/p><\/div>\n<\/p><\/div>\n<p>                <!-- Example row of columns --><\/p>\n<div class=\"row\">\n<div class=\"col s12 m4\">\n<div class=\"row\">\n<div class=\"col s12 m2\">\n                                <i class=\"small material-icons brown-text\">local_phone<\/i>\n                            <\/div>\n<div class=\"col s12 m10\">tel. kom. 504 098 481<\/div>\n<\/p><\/div>\n<div class=\"row\">\n<div class=\"col s12 m2\">\n                                <i class=\"small material-icons brown-text\">local_phone<\/i>\n                            <\/div>\n<div class=\"col s12 m10\">tel. fax 042 658 58 75<\/div>\n<\/p><\/div>\n<div class=\"row\">\n<div class=\"col s12 m2\">\n                                <i class=\"small material-icons brown-text\">email<\/i>\n                            <\/div>\n<div class=\"col s12 m10\">cobramw@poczta.onet.pl<\/div>\n<\/p><\/div>\n<div class=\"row\">\n<div class=\"col s12 m2\">\n                                <br \/><i class=\"small material-icons brown-text\">location_on<\/i>\n                            <\/div>\n<div class=\"col s12 m10\">\n<ul>\n<li>Li\u015bciasta 55<\/li>\n<li>\u0141\u00f3d\u017a, 91-357<\/li>\n<\/ul><\/div>\n<\/p><\/div>\n<\/p><\/div>\n<div class=\"col s12 m8\">\n                        <center><\/p>\n<div id=\"map_canvas\"><\/div>\n<p>                        <\/center>\n                    <\/div>\n<\/p><\/div>\n<p> <!-- .\/row -->\n            <\/div>\n<\/p><\/div>\n<div class=\"parallax-container valign-wrapper\">\n<div class=\"section no-pad-bot\">\n<div class=\"container\">\n<div class=\"row center\">\n<h5 class=\"header col s12 light\">Wieloletnie do\u015bwiadczenie, wysokiej klasy narz\u0119dzia &#8211; gwarancja fachowej us\u0142ugi. <\/h5>\n<\/p><\/div>\n<\/p><\/div>\n<\/p><\/div>\n<div class=\"parallax\"><img decoding=\"async\" src=\"img\/background05.jpg\" alt=\"Unsplashed background img 3\"><\/div>\n<\/p><\/div>\n<footer class=\"page-footer teal\">\n<div class=\"container\">\n<div class=\"row\">\n<div class=\"col l6 s12 white-text\">\n<h5 class=\"white-text\">Skontaktuj si\u0119 z nami<\/h5>\n<ul>\n<li><i class=\"tiny material-icons white-text\">local_phone<\/i> tel. kom. 504 098 481<\/li>\n<li><i class=\"tiny material-icons white-text\">local_phone<\/i> tel. fax 042 658 58 75<\/li>\n<li><i class=\"tiny material-icons white-text\">email<\/i> cobramw@poczta.onet.pl<\/li>\n<\/ul><\/div>\n<div class=\"col l3 s12 white-text\">\n                        <!--\n                        \n\n<h5 class=\"white-text\">Skontaktuj si\u0119 z nami<\/h5>\n\n\n                        \n\n<ul>\n                            \n\n<li><i class=\"tiny material-icons white-text\">local_phone<\/i> tel. kom. 504 098 481<\/li>\n\n\n                            \n\n<li><i class=\"tiny material-icons white-text\">local_phone<\/i> tel. fax 042 658 58 75<\/li>\n\n\n                            \n\n<li><i class=\"tiny material-icons white-text\">email<\/i> cobramw@poczta.onet.pl<\/li>\n\n\n                        <\/ul>\n\n\n                        -->\n                    <\/div>\n<div class=\"col l3 s12\">\n                        <!--\n                        \n\n<h5 class=\"white-text\">Connect<\/h5>\n\n\n                        \n\n<ul>\n                            \n\n<li><a class=\"white-text\" href=\"#!\">Link 1<\/a><\/li>\n\n\n                            \n\n<li><a class=\"white-text\" href=\"#!\">Link 2<\/a><\/li>\n\n\n                            \n\n<li><a class=\"white-text\" href=\"#!\">Link 3<\/a><\/li>\n\n\n                            \n\n<li><a class=\"white-text\" href=\"#!\">Link 4<\/a><\/li>\n\n\n                        <\/ul>\n\n\n                        -->\n                    <\/div>\n<\/p><\/div>\n<\/p><\/div>\n<div class=\"footer-copyright\">\n<div class=\"container\">\n                    <!-- Made by <a class=\"brown-text text-lighten-3\" href=\"http:\/\/materializecss.com\">Materialize<\/a> -->\n                <\/div>\n<\/p><\/div>\n<\/footer>\n<p>        <!--  Scripts--><br \/>\n        <script src=\"https:\/\/code.jquery.com\/jquery-2.1.1.min.js\"><\/script><br \/>\n        <script src=\"js\/materialize.js\"><\/script><br \/>\n        <script src=\"js\/init.js\"><\/script><br \/>\n        <script src=\"js\/smooth-scroll.js\"><\/script><br \/>\n        <script>\n            smoothScroll.init({\n                speed: 1000,\n                easing: 'easeInOutCubic',\n                offset: 0,\n                updateURL: true,\n                callbackBefore: function (toggle, anchor) {\n                },\n                callbackAfter: function (toggle, anchor) {\n                }\n            });\n        <\/script><br \/>\n    <\/body><br \/>\n<\/html><\/p>\n","protected":false},"excerpt":{"rendered":"<p>Cobra \u0141\u00f3d\u017a Kontakt Oferta O Nas Kontakt Oferta O Nas menu P.P.H.U. Cobra &#8211; profesjonalne us\u0142ugi elektryczne Nasza Oferta person_outline O Nas Cobra to firma z wieloletnim do\u015bwiadczeniem. Funkcjonujemy ju\u017c od 1995 roku.Wykonujemy us\u0142ugi w najwy\u017cszym standardzie z zakresu elektroenergetyki, jak r\u00f3wnie\u017c prowadzimy produkcj\u0119 i sprzedarz grza\u0142ek grzewczych oraz kot\u0142\u00f3w C.O. Specjalizujemy si\u0119 w wykonywaniu [&hellip;]<\/p>\n","protected":false},"author":1,"featured_media":0,"parent":0,"menu_order":0,"comment_status":"closed","ping_status":"closed","template":"","meta":{"footnotes":""},"class_list":["post-13","page","type-page","status-publish","hentry"],"_links":{"self":[{"href":"http:\/\/cobramw.pl\/index.php?rest_route=\/wp\/v2\/pages\/13","targetHints":{"allow":["GET"]}}],"collection":[{"href":"http:\/\/cobramw.pl\/index.php?rest_route=\/wp\/v2\/pages"}],"about":[{"href":"http:\/\/cobramw.pl\/index.php?rest_route=\/wp\/v2\/types\/page"}],"author":[{"embeddable":true,"href":"http:\/\/cobramw.pl\/index.php?rest_route=\/wp\/v2\/users\/1"}],"replies":[{"embeddable":true,"href":"http:\/\/cobramw.pl\/index.php?rest_route=%2Fwp%2Fv2%2Fcomments&post=13"}],"version-history":[{"count":1,"href":"http:\/\/cobramw.pl\/index.php?rest_route=\/wp\/v2\/pages\/13\/revisions"}],"predecessor-version":[{"id":14,"href":"http:\/\/cobramw.pl\/index.php?rest_route=\/wp\/v2\/pages\/13\/revisions\/14"}],"wp:attachment":[{"href":"http:\/\/cobramw.pl\/index.php?rest_route=%2Fwp%2Fv2%2Fmedia&parent=13"}],"curies":[{"name":"wp","href":"https:\/\/api.w.org\/{rel}","templated":true}]}}